{"id":6658,"date":"2022-06-26T11:31:49","date_gmt":"2022-06-26T11:31:49","guid":{"rendered":"https:\/\/telecolanza.com\/?page_id=6658"},"modified":"2022-06-26T12:10:53","modified_gmt":"2022-06-26T12:10:53","slug":"cerradura-inteligente","status":"publish","type":"page","link":"https:\/\/www.telecolanza.com\/en\/cerradura-inteligente\/","title":{"rendered":"Smartlock"},"content":{"rendered":"<section class=\"ls ms c-gutter-60       s-pt-60 s-pb-30     s-pt-lg-100 s-pb-lg-70 s-pt-xl-150 s-pb-xl-120      s-parallax\" id=\"plans\" style=\"background-image:url(https:\/\/telecolanza.com\/wp-content\/uploads\/2021\/11\/Parallax-Background-Light-02.jpg)\">\n<h6 class=\"d-none\">SoloInternet<\/h6>\n<div class=\"container\">\n<div class=\"row\">\n<div class=\"col-xs-12 col-12 text-center col-md-10 offset-md-1 col-lg-8 offset-lg-2\">\n<h2 class=\"special-heading text-center big\">\n\t<span class=\"d-inline-block bold text-uppercase\"><br \/>\n\t\tSmartlock\t<\/span><br \/>\n\t<\/h2>\n<div class=\"fw-divider-space\" style=\"margin-top: 18px\"><\/div>\n<p class=\"big\">Ideal for Vacation Rental Homes.<\/p>\n<div class=\"fw-divider-space\" style=\"margin-top: 36px\"><\/div>\n<\/div>\n<p><!-- .col-* --><\/p>\n<div class=\"fw-divider-space divider-0 divider-lg-45\"><\/div>\n<div class=\"col-xs-12 col-12 col-lg-2 animate nuevegb internet\" data-animation=\"fadeInUp\">\n\t<\/div>\n<p><!-- .col-* --><\/p>\n<div class=\"col-xs-12 col-12 col-lg-4 animate text-center nuevegb internet\" data-animation=\"fadeInUp\">\n<div class=\"img-wrap cerradura\"><img fetchpriority=\"high\" decoding=\"async\" src=\"https:\/\/telecolanza.com\/wp-content\/uploads\/2022\/06\/cerradura-inteligente-telecolanza-600x400.png\" alt=\"https:\/\/telecolanza.com\/wp-content\/uploads\/2022\/06\/cerradura-inteligente-telecolanza-600x400.png\" width=\"600\" height=\"400\" \/><\/div>\n<div class=\"fw-divider-space\" style=\"margin-top: 40px\"><\/div>\n<h4 class=\"special-heading text-center\">\n\t<span class=\"d-inline-block\"><br \/>\n\t\tSmartlock\t<\/span><br \/>\n\t<\/h4>\n<div class=\"fw-divider-space\" style=\"margin-top: 30px\"><\/div>\n<p><a href=\"\/en\/contactar\/\" target=\"_self\" class=\"btn btn-maincolor wide_button\" rel=\"noopener\"><br \/>\n\t<span>Select<\/span><br \/>\n<\/a><\/p>\n<div class=\"fw-divider-space\" style=\"margin-top: 50px\"><\/div>\n<\/div>\n<p><!-- .col-* --><\/p>\n<div class=\"col-xs-12 col-12 col-lg-4 animate text-center veinticincogb internet\" data-animation=\"fadeInUp\">\n<div class=\"img-wrap cerradura\"><img decoding=\"async\" src=\"https:\/\/telecolanza.com\/wp-content\/uploads\/2022\/06\/cerradura-inteligente-telecolanza-instalacion-1-600x400.png\" alt=\"https:\/\/telecolanza.com\/wp-content\/uploads\/2022\/06\/cerradura-inteligente-telecolanza-instalacion-1-600x400.png\" width=\"600\" height=\"400\" \/><\/div>\n<div class=\"fw-divider-space\" style=\"margin-top: 40px\"><\/div>\n<h4 class=\"special-heading text-center\">\n\t<span class=\"d-inline-block\"><br \/>\n\t\tReal Case\t<\/span><br \/>\n\t<\/h4>\n<div class=\"fw-divider-space\" style=\"margin-top: 30px\"><\/div>\n<p><a href=\"\/en\/contactar\/\" target=\"_self\" class=\"btn btn-maincolor wide_button\" rel=\"noopener\"><br \/>\n\t<span>Select<\/span><br \/>\n<\/a><\/p>\n<div class=\"fw-divider-space\" style=\"margin-top: 50px\"><\/div>\n<\/div>\n<p><!-- .col-* --><\/p>\n<div class=\"col-xs-12 col-12 col-lg-2 animate nuevegb internet\" data-animation=\"fadeInUp\">\n\t<\/div>\n<p><!-- .col-* --><\/p>\n<div class=\"col-xs-12 col-12 col-lg-4 text-center\">\n\t<\/div>\n<p><!-- .col-* --><\/p>\n<div class=\"col-xs-12 col-12 col-lg-4 text-center lista-cerradura\">\n<div class=\"fw-divider-space\" style=\"margin-top: 57px\"><\/div>\n<ul class=\"icons-list-shortcode list-unstyled no-top-border no-bottom-border\">\n<li class=\"icon-maincolor\">\n<div class=\"icon-inline\">\n<div class=\"icon-styled\">\n            <i class=\"fa fa-chevron-right  fontsize_16\"><\/i>\n        <\/div>\n<p>\n                <strong class=\"color-darkgrey\"><br \/>\n            Bluetooth and wifi smartlock        <\/strong>\n                    <\/p>\n<\/div>\n<\/li>\n<li class=\"icon-maincolor\">\n<div class=\"icon-inline\">\n<div class=\"icon-styled\">\n            <i class=\"fa fa-chevron-right  fontsize_16\"><\/i>\n        <\/div>\n<p>\n                <strong class=\"color-darkgrey\"><br \/>\n            European motorized cylinder 35 x 35 mm        <\/strong>\n                    <\/p>\n<\/div>\n<\/li>\n<li class=\"icon-maincolor\">\n<div class=\"icon-inline\">\n<div class=\"icon-styled\">\n            <i class=\"fa fa-chevron-right  fontsize_16\"><\/i>\n        <\/div>\n<p>\n                <strong class=\"color-darkgrey\"><br \/>\n            Guest users without being close        <\/strong>\n                    <\/p>\n<\/div>\n<\/li>\n<li class=\"icon-maincolor\">\n<div class=\"icon-inline\">\n<div class=\"icon-styled\">\n            <i class=\"fa fa-chevron-right  fontsize_16\"><\/i>\n        <\/div>\n<p>\n                <strong class=\"color-darkgrey\"><br \/>\n            Empty homes, family and rent        <\/strong>\n                    <\/p>\n<\/div>\n<\/li>\n<li class=\"icon-maincolor\">\n<div class=\"icon-inline\">\n<div class=\"icon-styled\">\n            <i class=\"fa fa-chevron-right  fontsize_16\"><\/i>\n        <\/div>\n<p>\n                <strong class=\"color-darkgrey\"><br \/>\n            Physical key for manual opening        <\/strong>\n                    <\/p>\n<\/div>\n<\/li>\n<li class=\"icon-maincolor\">\n<div class=\"icon-inline\">\n<div class=\"icon-styled\">\n            <i class=\"fa fa-chevron-right  fontsize_16\"><\/i>\n        <\/div>\n<p>\n                <strong class=\"color-darkgrey\"><br \/>\n            Free Cloud Smart Lock App        <\/strong>\n                    <\/p>\n<\/div>\n<\/li>\n<\/ul>\n<\/div>\n<p><!-- .col-* --><\/p>\n<div class=\"col-xs-12 col-12 col-lg-4 text-center\">\n\t<\/div>\n<p><!-- .col-* --><\/p>\n<div class=\"col-xs-12 col-12 text-center\">\n<div class=\"fw-divider-space\" style=\"margin-top: 57px\"><\/div>\n<div class=\"shortcode-notification alert alert-info\">\n\tSee installation price<\/div>\n<div class=\"shortcode-notification alert alert-success\">\n\tSpecial offers for TelecoLanza Clients<\/div>\n<\/div>\n<p><!-- .col-* -->\n\t\t<\/div>\n<\/p><\/div>\n<\/section>\n<p><!-- 6f6ecee7c94b0c5972b93d4711d05f75 --><\/p>","protected":false},"excerpt":{"rendered":"<p>SoloInternet Cerradura Inteligente Ideal para Viviendas de Alquiler Vacacional. Cerradura Inteligente Contratar Caso Real (Instalaci\u00f3n) Contratar Cerradura inteligente Bluetooth y wifi Cilindro motorizado europeo 35 x 35 mm Usuarios invitados sin estar pr\u00f3ximo Viviendas vac\u00edas, familiares y alquiler Llave f\u00edsica para apertura manual App gratuita Cloud Smart Lock Consulte precio de Instalaci\u00f3n Ofertas especiales para [&hellip;]<\/p>\n","protected":false},"author":1,"featured_media":0,"parent":0,"menu_order":0,"comment_status":"closed","ping_status":"closed","template":"page-templates\/full-width.php","meta":{"iawp_total_views":290,"footnotes":""},"class_list":["post-6658","page","type-page","status-publish","hentry"],"yoast_head":"<!-- This site is optimized with the Yoast SEO plugin v27.5 - https:\/\/yoast.com\/product\/yoast-seo-wordpress\/ -->\n<title>Cerradura Inteligente - Telecolanza<\/title>\n<meta name=\"robots\" content=\"index, follow, max-snippet:-1, max-image-preview:large, max-video-preview:-1\" \/>\n<link rel=\"canonical\" href=\"https:\/\/www.telecolanza.com\/en\/cerradura-inteligente\/\" \/>\n<meta property=\"og:locale\" content=\"en_GB\" \/>\n<meta property=\"og:type\" content=\"article\" \/>\n<meta property=\"og:title\" content=\"Cerradura Inteligente - Telecolanza\" \/>\n<meta property=\"og:description\" content=\"SoloInternet Cerradura Inteligente Ideal para Viviendas de Alquiler Vacacional. Cerradura Inteligente Contratar Caso Real (Instalaci\u00f3n) Contratar Cerradura inteligente Bluetooth y wifi Cilindro motorizado europeo 35 x 35 mm Usuarios invitados sin estar pr\u00f3ximo Viviendas vac\u00edas, familiares y alquiler Llave f\u00edsica para apertura manual App gratuita Cloud Smart Lock Consulte precio de Instalaci\u00f3n Ofertas especiales para [&hellip;]\" \/>\n<meta property=\"og:url\" content=\"https:\/\/www.telecolanza.com\/en\/cerradura-inteligente\/\" \/>\n<meta property=\"og:site_name\" content=\"Telecolanza\" \/>\n<meta property=\"article:publisher\" content=\"https:\/\/www.facebook.com\/telecolanza\" \/>\n<meta property=\"article:modified_time\" content=\"2022-06-26T12:10:53+00:00\" \/>\n<meta property=\"og:image\" content=\"https:\/\/www.telecolanza.com\/wp-content\/uploads\/2022\/06\/cerradura-inteligente-telecolanza.png\" \/>\n\t<meta property=\"og:image:width\" content=\"600\" \/>\n\t<meta property=\"og:image:height\" content=\"400\" \/>\n\t<meta property=\"og:image:type\" content=\"image\/png\" \/>\n<meta name=\"twitter:card\" content=\"summary_large_image\" \/>\n<meta name=\"twitter:site\" content=\"@telecolanzasl\" \/>\n<script type=\"application\/ld+json\" class=\"yoast-schema-graph\">{\"@context\":\"https:\\\/\\\/schema.org\",\"@graph\":[{\"@type\":\"WebPage\",\"@id\":\"https:\\\/\\\/www.telecolanza.com\\\/en\\\/cerradura-inteligente\\\/\",\"url\":\"https:\\\/\\\/www.telecolanza.com\\\/en\\\/cerradura-inteligente\\\/\",\"name\":\"Cerradura Inteligente - Telecolanza\",\"isPartOf\":{\"@id\":\"https:\\\/\\\/www.telecolanza.com\\\/#website\"},\"primaryImageOfPage\":{\"@id\":\"https:\\\/\\\/www.telecolanza.com\\\/en\\\/cerradura-inteligente\\\/#primaryimage\"},\"image\":{\"@id\":\"https:\\\/\\\/www.telecolanza.com\\\/en\\\/cerradura-inteligente\\\/#primaryimage\"},\"thumbnailUrl\":\"https:\\\/\\\/telecolanza.com\\\/wp-content\\\/uploads\\\/2022\\\/06\\\/cerradura-inteligente-telecolanza-600x400.png\",\"datePublished\":\"2022-06-26T11:31:49+00:00\",\"dateModified\":\"2022-06-26T12:10:53+00:00\",\"breadcrumb\":{\"@id\":\"https:\\\/\\\/www.telecolanza.com\\\/en\\\/cerradura-inteligente\\\/#breadcrumb\"},\"inLanguage\":\"en-GB\",\"potentialAction\":[{\"@type\":\"ReadAction\",\"target\":[\"https:\\\/\\\/www.telecolanza.com\\\/en\\\/cerradura-inteligente\\\/\"]}]},{\"@type\":\"ImageObject\",\"inLanguage\":\"en-GB\",\"@id\":\"https:\\\/\\\/www.telecolanza.com\\\/en\\\/cerradura-inteligente\\\/#primaryimage\",\"url\":\"https:\\\/\\\/telecolanza.com\\\/wp-content\\\/uploads\\\/2022\\\/06\\\/cerradura-inteligente-telecolanza-600x400.png\",\"contentUrl\":\"https:\\\/\\\/telecolanza.com\\\/wp-content\\\/uploads\\\/2022\\\/06\\\/cerradura-inteligente-telecolanza-600x400.png\"},{\"@type\":\"BreadcrumbList\",\"@id\":\"https:\\\/\\\/www.telecolanza.com\\\/en\\\/cerradura-inteligente\\\/#breadcrumb\",\"itemListElement\":[{\"@type\":\"ListItem\",\"position\":1,\"name\":\"Portada\",\"item\":\"https:\\\/\\\/www.telecolanza.com\\\/\"},{\"@type\":\"ListItem\",\"position\":2,\"name\":\"Cerradura Inteligente\"}]},{\"@type\":\"WebSite\",\"@id\":\"https:\\\/\\\/www.telecolanza.com\\\/#website\",\"url\":\"https:\\\/\\\/www.telecolanza.com\\\/\",\"name\":\"Telecolanza\",\"description\":\"Contrata Internet, M\u00f3vil y Televisi\u00f3n en Lanzarote\",\"publisher\":{\"@id\":\"https:\\\/\\\/www.telecolanza.com\\\/#organization\"},\"potentialAction\":[{\"@type\":\"SearchAction\",\"target\":{\"@type\":\"EntryPoint\",\"urlTemplate\":\"https:\\\/\\\/www.telecolanza.com\\\/?s={search_term_string}\"},\"query-input\":{\"@type\":\"PropertyValueSpecification\",\"valueRequired\":true,\"valueName\":\"search_term_string\"}}],\"inLanguage\":\"en-GB\"},{\"@type\":\"Organization\",\"@id\":\"https:\\\/\\\/www.telecolanza.com\\\/#organization\",\"name\":\"Telecolanza\",\"url\":\"https:\\\/\\\/www.telecolanza.com\\\/\",\"logo\":{\"@type\":\"ImageObject\",\"inLanguage\":\"en-GB\",\"@id\":\"https:\\\/\\\/www.telecolanza.com\\\/#\\\/schema\\\/logo\\\/image\\\/\",\"url\":\"https:\\\/\\\/www.telecolanza.com\\\/wp-content\\\/uploads\\\/2021\\\/11\\\/logo-color-1.png\",\"contentUrl\":\"https:\\\/\\\/www.telecolanza.com\\\/wp-content\\\/uploads\\\/2021\\\/11\\\/logo-color-1.png\",\"width\":846,\"height\":209,\"caption\":\"Telecolanza\"},\"image\":{\"@id\":\"https:\\\/\\\/www.telecolanza.com\\\/#\\\/schema\\\/logo\\\/image\\\/\"},\"sameAs\":[\"https:\\\/\\\/www.facebook.com\\\/telecolanza\",\"https:\\\/\\\/x.com\\\/telecolanzasl\",\"https:\\\/\\\/www.instagram.com\\\/telecolanza\\\/\"]}]}<\/script>\n<!-- \/ Yoast SEO plugin. -->","yoast_head_json":{"title":"Cerradura Inteligente - Telecolanza","robots":{"index":"index","follow":"follow","max-snippet":"max-snippet:-1","max-image-preview":"max-image-preview:large","max-video-preview":"max-video-preview:-1"},"canonical":"https:\/\/www.telecolanza.com\/en\/cerradura-inteligente\/","og_locale":"en_GB","og_type":"article","og_title":"Cerradura Inteligente - Telecolanza","og_description":"SoloInternet Cerradura Inteligente Ideal para Viviendas de Alquiler Vacacional. Cerradura Inteligente Contratar Caso Real (Instalaci\u00f3n) Contratar Cerradura inteligente Bluetooth y wifi Cilindro motorizado europeo 35 x 35 mm Usuarios invitados sin estar pr\u00f3ximo Viviendas vac\u00edas, familiares y alquiler Llave f\u00edsica para apertura manual App gratuita Cloud Smart Lock Consulte precio de Instalaci\u00f3n Ofertas especiales para [&hellip;]","og_url":"https:\/\/www.telecolanza.com\/en\/cerradura-inteligente\/","og_site_name":"Telecolanza","article_publisher":"https:\/\/www.facebook.com\/telecolanza","article_modified_time":"2022-06-26T12:10:53+00:00","og_image":[{"width":600,"height":400,"url":"https:\/\/www.telecolanza.com\/wp-content\/uploads\/2022\/06\/cerradura-inteligente-telecolanza.png","type":"image\/png"}],"twitter_card":"summary_large_image","twitter_site":"@telecolanzasl","schema":{"@context":"https:\/\/schema.org","@graph":[{"@type":"WebPage","@id":"https:\/\/www.telecolanza.com\/en\/cerradura-inteligente\/","url":"https:\/\/www.telecolanza.com\/en\/cerradura-inteligente\/","name":"Cerradura Inteligente - Telecolanza","isPartOf":{"@id":"https:\/\/www.telecolanza.com\/#website"},"primaryImageOfPage":{"@id":"https:\/\/www.telecolanza.com\/en\/cerradura-inteligente\/#primaryimage"},"image":{"@id":"https:\/\/www.telecolanza.com\/en\/cerradura-inteligente\/#primaryimage"},"thumbnailUrl":"https:\/\/telecolanza.com\/wp-content\/uploads\/2022\/06\/cerradura-inteligente-telecolanza-600x400.png","datePublished":"2022-06-26T11:31:49+00:00","dateModified":"2022-06-26T12:10:53+00:00","breadcrumb":{"@id":"https:\/\/www.telecolanza.com\/en\/cerradura-inteligente\/#breadcrumb"},"inLanguage":"en-GB","potentialAction":[{"@type":"ReadAction","target":["https:\/\/www.telecolanza.com\/en\/cerradura-inteligente\/"]}]},{"@type":"ImageObject","inLanguage":"en-GB","@id":"https:\/\/www.telecolanza.com\/en\/cerradura-inteligente\/#primaryimage","url":"https:\/\/telecolanza.com\/wp-content\/uploads\/2022\/06\/cerradura-inteligente-telecolanza-600x400.png","contentUrl":"https:\/\/telecolanza.com\/wp-content\/uploads\/2022\/06\/cerradura-inteligente-telecolanza-600x400.png"},{"@type":"BreadcrumbList","@id":"https:\/\/www.telecolanza.com\/en\/cerradura-inteligente\/#breadcrumb","itemListElement":[{"@type":"ListItem","position":1,"name":"Portada","item":"https:\/\/www.telecolanza.com\/"},{"@type":"ListItem","position":2,"name":"Cerradura Inteligente"}]},{"@type":"WebSite","@id":"https:\/\/www.telecolanza.com\/#website","url":"https:\/\/www.telecolanza.com\/","name":"Telecolanza","description":"Contrata Internet, M\u00f3vil y Televisi\u00f3n en Lanzarote","publisher":{"@id":"https:\/\/www.telecolanza.com\/#organization"},"potentialAction":[{"@type":"SearchAction","target":{"@type":"EntryPoint","urlTemplate":"https:\/\/www.telecolanza.com\/?s={search_term_string}"},"query-input":{"@type":"PropertyValueSpecification","valueRequired":true,"valueName":"search_term_string"}}],"inLanguage":"en-GB"},{"@type":"Organization","@id":"https:\/\/www.telecolanza.com\/#organization","name":"Telecolanza","url":"https:\/\/www.telecolanza.com\/","logo":{"@type":"ImageObject","inLanguage":"en-GB","@id":"https:\/\/www.telecolanza.com\/#\/schema\/logo\/image\/","url":"https:\/\/www.telecolanza.com\/wp-content\/uploads\/2021\/11\/logo-color-1.png","contentUrl":"https:\/\/www.telecolanza.com\/wp-content\/uploads\/2021\/11\/logo-color-1.png","width":846,"height":209,"caption":"Telecolanza"},"image":{"@id":"https:\/\/www.telecolanza.com\/#\/schema\/logo\/image\/"},"sameAs":["https:\/\/www.facebook.com\/telecolanza","https:\/\/x.com\/telecolanzasl","https:\/\/www.instagram.com\/telecolanza\/"]}]}},"_links":{"self":[{"href":"https:\/\/www.telecolanza.com\/en\/wp-json\/wp\/v2\/pages\/6658","targetHints":{"allow":["GET"]}}],"collection":[{"href":"https:\/\/www.telecolanza.com\/en\/wp-json\/wp\/v2\/pages"}],"about":[{"href":"https:\/\/www.telecolanza.com\/en\/wp-json\/wp\/v2\/types\/page"}],"author":[{"embeddable":true,"href":"https:\/\/www.telecolanza.com\/en\/wp-json\/wp\/v2\/users\/1"}],"replies":[{"embeddable":true,"href":"https:\/\/www.telecolanza.com\/en\/wp-json\/wp\/v2\/comments?post=6658"}],"version-history":[{"count":0,"href":"https:\/\/www.telecolanza.com\/en\/wp-json\/wp\/v2\/pages\/6658\/revisions"}],"wp:attachment":[{"href":"https:\/\/www.telecolanza.com\/en\/wp-json\/wp\/v2\/media?parent=6658"}],"curies":[{"name":"wp","href":"https:\/\/api.w.org\/{rel}","templated":true}]}}